{"id":2,"date":"2025-08-24T15:24:35","date_gmt":"2025-08-24T15:24:35","guid":{"rendered":"http:\/\/compagniedarcdelouvres.fr\/?page_id=2"},"modified":"2025-11-02T16:42:17","modified_gmt":"2025-11-02T16:42:17","slug":"infos-pratiques","status":"publish","type":"page","link":"http:\/\/compagniedarcdelouvres.fr\/index.php\/infos-pratiques\/","title":{"rendered":"Infos pratiques"},"content":{"rendered":"\n<h3 class=\"wp-block-heading\">Nos installations<\/h3>\n\n\n\n<p>O\u00f9 nous retrouver :<\/p>\n\n\n\n<p>Au Gymnase Jean Colignon <a href=\"https:\/\/www.google.com\/maps\/place\/\/data=!4m2!3m1!1s0x47e63f2645f370ff:0x9a0b87c13a021c04?sa=X&amp;ved=1t:8290&amp;ictx=111\">6 Rue du 8 Mai 1945, 95380 Louvres<\/a><\/p>\n\n\n\n<figure class=\"wp-block-image size-large\"><img loading=\"lazy\" decoding=\"async\" width=\"1024\" height=\"768\" src=\"http:\/\/compagniedarcdelouvres.fr\/wp-content\/uploads\/2025\/11\/gymnase-colignon-1024x768.jpg\" alt=\"\" class=\"wp-image-118\" srcset=\"http:\/\/compagniedarcdelouvres.fr\/wp-content\/uploads\/2025\/11\/gymnase-colignon-1024x768.jpg 1024w, http:\/\/compagniedarcdelouvres.fr\/wp-content\/uploads\/2025\/11\/gymnase-colignon-300x225.jpg 300w, http:\/\/compagniedarcdelouvres.fr\/wp-content\/uploads\/2025\/11\/gymnase-colignon-768x576.jpg 768w, http:\/\/compagniedarcdelouvres.fr\/wp-content\/uploads\/2025\/11\/gymnase-colignon-1536x1152.jpg 1536w, http:\/\/compagniedarcdelouvres.fr\/wp-content\/uploads\/2025\/11\/gymnase-colignon.jpg 1600w\" sizes=\"auto, (max-width: 1024px) 100vw, 1024px\" \/><\/figure>\n\n\n\n<p>Jeux d&rsquo;Arc en-cours de construction au Gymnase Colette Besson 14 Rue Andr\u00e9 Malraux, 95380 Louvres<\/p>\n\n\n\n<figure class=\"wp-block-image size-large\"><img loading=\"lazy\" decoding=\"async\" width=\"768\" height=\"1024\" src=\"http:\/\/compagniedarcdelouvres.fr\/wp-content\/uploads\/2025\/11\/WhatsApp-Image-2025-11-02-at-17.17.17-768x1024.jpeg\" alt=\"\" class=\"wp-image-114\" srcset=\"http:\/\/compagniedarcdelouvres.fr\/wp-content\/uploads\/2025\/11\/WhatsApp-Image-2025-11-02-at-17.17.17-768x1024.jpeg 768w, http:\/\/compagniedarcdelouvres.fr\/wp-content\/uploads\/2025\/11\/WhatsApp-Image-2025-11-02-at-17.17.17-225x300.jpeg 225w, http:\/\/compagniedarcdelouvres.fr\/wp-content\/uploads\/2025\/11\/WhatsApp-Image-2025-11-02-at-17.17.17-1152x1536.jpeg 1152w, http:\/\/compagniedarcdelouvres.fr\/wp-content\/uploads\/2025\/11\/WhatsApp-Image-2025-11-02-at-17.17.17.jpeg 1200w\" sizes=\"auto, (max-width: 768px) 100vw, 768px\" \/><\/figure>\n\n\n\n<h3 class=\"wp-block-heading\">Horaires<\/h3>\n\n\n\n<p>Vous pourrez nous retrouver tous les mercredi de 20H \u00e0 22H et les dimanche de 9H \u00e0 12H<\/p>\n\n\n\n<h3 class=\"wp-block-heading\">Tarifs<\/h3>\n\n\n\n<p>Renouvellement d&rsquo;adh\u00e9sion :<\/p>\n\n\n\n<p>Partie Compagnie : 47 \u20ac<\/p>\n\n\n\n<p>Partie FFTA : 81,00\u20ac pour les adultes et 57,00\u20ac pour les jeunes (co\u00fbts 2025-2026).<\/p>\n\n\n\n<p>Nouvelle adh\u00e9sion :<\/p>\n\n\n\n<p>Droit d&rsquo;entr\u00e9e : 113,00 \u20ac donnant droit \u00e0 la premi\u00e8re fl\u00e8che de progression ainsi que le tee-shirt blanc brod\u00e9 avec l\u2019\u00e9cusson de la Compagnie, arc et fl\u00e8ches \u00e9tant pr\u00eat\u00e9s normalement les trois premiers mois.<\/p>\n\n\n\n<p>Possibilit\u00e9 de r\u00e9gler en 3 fois en septembre octobre et novembre, le premier r\u00e8glement devant correspondre \u00e0 la partie demand\u00e9e par la F.F.T.A.<\/p>\n\n\n\n<p><\/p>\n","protected":false},"excerpt":{"rendered":"<p>Nos installations O\u00f9 nous retrouver : Au Gymnase Jean Colignon 6 Rue du 8 Mai 1945, 95380 Louvres Jeux d&rsquo;Arc en-cours de construction au Gymnase Colette Besson 14 Rue Andr\u00e9 Malraux, 95380 Louvres Horaires Vous pourrez nous retrouver tous les mercredi de 20H \u00e0 22H et les dimanche de 9H \u00e0 12H Tarifs Renouvellement d&rsquo;adh\u00e9sion [&hellip;]<\/p>\n","protected":false},"author":1,"featured_media":0,"parent":0,"menu_order":0,"comment_status":"closed","ping_status":"closed","template":"","meta":{"footnotes":""},"class_list":["post-2","page","type-page","status-publish","hentry"],"_links":{"self":[{"href":"http:\/\/compagniedarcdelouvres.fr\/index.php\/wp-json\/wp\/v2\/pages\/2","targetHints":{"allow":["GET"]}}],"collection":[{"href":"http:\/\/compagniedarcdelouvres.fr\/index.php\/wp-json\/wp\/v2\/pages"}],"about":[{"href":"http:\/\/compagniedarcdelouvres.fr\/index.php\/wp-json\/wp\/v2\/types\/page"}],"author":[{"embeddable":true,"href":"http:\/\/compagniedarcdelouvres.fr\/index.php\/wp-json\/wp\/v2\/users\/1"}],"replies":[{"embeddable":true,"href":"http:\/\/compagniedarcdelouvres.fr\/index.php\/wp-json\/wp\/v2\/comments?post=2"}],"version-history":[{"count":6,"href":"http:\/\/compagniedarcdelouvres.fr\/index.php\/wp-json\/wp\/v2\/pages\/2\/revisions"}],"predecessor-version":[{"id":120,"href":"http:\/\/compagniedarcdelouvres.fr\/index.php\/wp-json\/wp\/v2\/pages\/2\/revisions\/120"}],"wp:attachment":[{"href":"http:\/\/compagniedarcdelouvres.fr\/index.php\/wp-json\/wp\/v2\/media?parent=2"}],"curies":[{"name":"wp","href":"https:\/\/api.w.org\/{rel}","templated":true}]}}