{"id":20,"date":"2025-10-18T12:28:06","date_gmt":"2025-10-18T12:28:06","guid":{"rendered":"http:\/\/compagniedarcdelouvres.fr\/?page_id=20"},"modified":"2025-12-03T10:26:39","modified_gmt":"2025-12-03T10:26:39","slug":"activites","status":"publish","type":"page","link":"http:\/\/compagniedarcdelouvres.fr\/index.php\/activites\/","title":{"rendered":"Ev\u00e9nements"},"content":{"rendered":"<ul class=\"wp-block-categories-list wp-block-categories has-small-font-size\">\t<li class=\"cat-item cat-item-1\"><a href=\"http:\/\/compagniedarcdelouvres.fr\/index.php\/category\/divers\/\">Divers<\/a>\n<\/li>\n\t<li class=\"cat-item cat-item-11\"><a href=\"http:\/\/compagniedarcdelouvres.fr\/index.php\/category\/grands-evenements\/\">Grands \u00e9v\u00e8nements<\/a>\n<\/li>\n\t<li class=\"cat-item cat-item-6\"><a href=\"http:\/\/compagniedarcdelouvres.fr\/index.php\/category\/repas\/\">Repas<\/a>\n<\/li>\n\t<li class=\"cat-item cat-item-4\"><a href=\"http:\/\/compagniedarcdelouvres.fr\/index.php\/category\/representation\/\">Repr\u00e9sentation<\/a>\n<\/li>\n\t<li class=\"cat-item cat-item-5\"><a href=\"http:\/\/compagniedarcdelouvres.fr\/index.php\/category\/travaux\/\">Travaux<\/a>\n<\/li>\n<\/ul>\n\n\n<div class=\"wp-block-group is-vertical is-layout-flex wp-container-core-group-is-layout-fe9cc265 wp-block-group-is-layout-flex\"><ul class=\"wp-block-latest-posts__list has-dates wp-block-latest-posts\"><li><div class=\"wp-block-latest-posts__featured-image\"><img loading=\"lazy\" decoding=\"async\" width=\"225\" height=\"300\" src=\"http:\/\/compagniedarcdelouvres.fr\/wp-content\/uploads\/2026\/03\/WhatsApp-Image-2026-03-07-at-16.13.031-225x300.jpeg\" class=\"attachment-medium size-medium wp-post-image\" alt=\"\" style=\"\" srcset=\"http:\/\/compagniedarcdelouvres.fr\/wp-content\/uploads\/2026\/03\/WhatsApp-Image-2026-03-07-at-16.13.031-225x300.jpeg 225w, http:\/\/compagniedarcdelouvres.fr\/wp-content\/uploads\/2026\/03\/WhatsApp-Image-2026-03-07-at-16.13.031-768x1024.jpeg 768w, http:\/\/compagniedarcdelouvres.fr\/wp-content\/uploads\/2026\/03\/WhatsApp-Image-2026-03-07-at-16.13.031-1152x1536.jpeg 1152w, http:\/\/compagniedarcdelouvres.fr\/wp-content\/uploads\/2026\/03\/WhatsApp-Image-2026-03-07-at-16.13.031.jpeg 1200w\" sizes=\"auto, (max-width: 225px) 100vw, 225px\" \/><\/div><a class=\"wp-block-latest-posts__post-title\" href=\"http:\/\/compagniedarcdelouvres.fr\/index.php\/2026\/03\/07\/abat-oiseau-2026\/\">ABAT-OISEAU 2026<\/a><time datetime=\"2026-03-07T15:40:59+00:00\" class=\"wp-block-latest-posts__post-date\">mars 7, 2026<\/time><div class=\"wp-block-latest-posts__post-excerpt\"><\/div><\/li>\n<li><div class=\"wp-block-latest-posts__featured-image\"><img loading=\"lazy\" decoding=\"async\" width=\"212\" height=\"300\" src=\"http:\/\/compagniedarcdelouvres.fr\/wp-content\/uploads\/2026\/02\/mandat-et-carte-crit-1-pdf-212x300.jpg\" class=\"attachment-medium size-medium wp-post-image\" alt=\"\" style=\"\" \/><\/div><a class=\"wp-block-latest-posts__post-title\" href=\"http:\/\/compagniedarcdelouvres.fr\/index.php\/2026\/03\/02\/criterium-dhiver-2025-2026\/\">Crit\u00e9rium d&rsquo;hiver 2025-2026<\/a><time datetime=\"2026-03-02T17:34:01+00:00\" class=\"wp-block-latest-posts__post-date\">mars 2, 2026<\/time><div class=\"wp-block-latest-posts__post-excerpt\"><\/div><\/li>\n<li><a class=\"wp-block-latest-posts__post-title\" href=\"http:\/\/compagniedarcdelouvres.fr\/index.php\/2026\/02\/08\/23eme-rencontre-arcs-droits-de-la-compagnie-2026-resultats\/\">23\u00e8me Rencontre Arcs Droits de la Compagnie &#8211; 2026 &#8211; R\u00e9sultats<\/a><time datetime=\"2026-02-08T17:47:26+00:00\" class=\"wp-block-latest-posts__post-date\">f\u00e9vrier 8, 2026<\/time><div class=\"wp-block-latest-posts__post-excerpt\"><\/div><\/li>\n<li><div class=\"wp-block-latest-posts__featured-image\"><img loading=\"lazy\" decoding=\"async\" width=\"300\" height=\"225\" src=\"http:\/\/compagniedarcdelouvres.fr\/wp-content\/uploads\/2026\/02\/WhatsApp-Image-2026-02-08-at-11.48.43-300x225.jpeg\" class=\"attachment-medium size-medium wp-post-image\" alt=\"\" style=\"\" srcset=\"http:\/\/compagniedarcdelouvres.fr\/wp-content\/uploads\/2026\/02\/WhatsApp-Image-2026-02-08-at-11.48.43-300x225.jpeg 300w, http:\/\/compagniedarcdelouvres.fr\/wp-content\/uploads\/2026\/02\/WhatsApp-Image-2026-02-08-at-11.48.43-1024x768.jpeg 1024w, http:\/\/compagniedarcdelouvres.fr\/wp-content\/uploads\/2026\/02\/WhatsApp-Image-2026-02-08-at-11.48.43.jpeg 1600w\" sizes=\"auto, (max-width: 300px) 100vw, 300px\" \/><\/div><a class=\"wp-block-latest-posts__post-title\" href=\"http:\/\/compagniedarcdelouvres.fr\/index.php\/2026\/02\/08\/23eme-rencontre-arcs-droits-de-la-compagnie-2026-2eme-partie\/\">23\u00e8me Rencontre Arcs Droits de la Compagnie &#8211; 2026 &#8211; 2\u00e8me Partie<\/a><time datetime=\"2026-02-08T17:46:29+00:00\" class=\"wp-block-latest-posts__post-date\">f\u00e9vrier 8, 2026<\/time><div class=\"wp-block-latest-posts__post-excerpt\"><\/div><\/li>\n<li><div class=\"wp-block-latest-posts__featured-image\"><img loading=\"lazy\" decoding=\"async\" width=\"300\" height=\"225\" src=\"http:\/\/compagniedarcdelouvres.fr\/wp-content\/uploads\/2026\/02\/WhatsApp-Image-2026-02-08-at-14.29.032-300x225.jpeg\" class=\"attachment-medium size-medium wp-post-image\" alt=\"\" style=\"\" srcset=\"http:\/\/compagniedarcdelouvres.fr\/wp-content\/uploads\/2026\/02\/WhatsApp-Image-2026-02-08-at-14.29.032-300x225.jpeg 300w, http:\/\/compagniedarcdelouvres.fr\/wp-content\/uploads\/2026\/02\/WhatsApp-Image-2026-02-08-at-14.29.032.jpeg 1600w\" sizes=\"auto, (max-width: 300px) 100vw, 300px\" \/><\/div><a class=\"wp-block-latest-posts__post-title\" href=\"http:\/\/compagniedarcdelouvres.fr\/index.php\/2026\/02\/08\/23eme-rencontre-arcs-droits-de-la-compagnie\/\">23\u00e8me Rencontre Arcs Droits de la Compagnie &#8211; 2026 &#8211; 1\u00e8re Partie<\/a><time datetime=\"2026-02-08T17:45:36+00:00\" class=\"wp-block-latest-posts__post-date\">f\u00e9vrier 8, 2026<\/time><div class=\"wp-block-latest-posts__post-excerpt\"><\/div><\/li>\n<li><div class=\"wp-block-latest-posts__featured-image\"><img loading=\"lazy\" decoding=\"async\" width=\"300\" height=\"212\" src=\"http:\/\/compagniedarcdelouvres.fr\/wp-content\/uploads\/2026\/02\/WhatsApp-Image-2026-01-25-at-07.56.25-e1769962797433-300x212.jpeg\" class=\"attachment-medium size-medium wp-post-image\" alt=\"\" style=\"\" srcset=\"http:\/\/compagniedarcdelouvres.fr\/wp-content\/uploads\/2026\/02\/WhatsApp-Image-2026-01-25-at-07.56.25-e1769962797433-300x212.jpeg 300w, http:\/\/compagniedarcdelouvres.fr\/wp-content\/uploads\/2026\/02\/WhatsApp-Image-2026-01-25-at-07.56.25-e1769962797433-1024x724.jpeg 1024w, http:\/\/compagniedarcdelouvres.fr\/wp-content\/uploads\/2026\/02\/WhatsApp-Image-2026-01-25-at-07.56.25-e1769962797433-768x543.jpeg 768w, http:\/\/compagniedarcdelouvres.fr\/wp-content\/uploads\/2026\/02\/WhatsApp-Image-2026-01-25-at-07.56.25-e1769962797433.jpeg 1146w\" sizes=\"auto, (max-width: 300px) 100vw, 300px\" \/><\/div><a class=\"wp-block-latest-posts__post-title\" href=\"http:\/\/compagniedarcdelouvres.fr\/index.php\/2026\/01\/24\/remise-des-recompenses-pour-le-tir-de-saint-sebastien\/\">Remise des r\u00e9compenses pour le Tir de Saint S\u00e9bastien<\/a><time datetime=\"2026-01-24T19:00:36+00:00\" class=\"wp-block-latest-posts__post-date\">janvier 24, 2026<\/time><div class=\"wp-block-latest-posts__post-excerpt\"><\/div><\/li>\n<li><div class=\"wp-block-latest-posts__featured-image\"><img loading=\"lazy\" decoding=\"async\" width=\"225\" height=\"300\" src=\"http:\/\/compagniedarcdelouvres.fr\/wp-content\/uploads\/2026\/01\/CIBLE-ST-SEBASTIEN-26-GRAND-2-225x300.jpg\" class=\"attachment-medium size-medium wp-post-image\" alt=\"\" style=\"\" srcset=\"http:\/\/compagniedarcdelouvres.fr\/wp-content\/uploads\/2026\/01\/CIBLE-ST-SEBASTIEN-26-GRAND-2-225x300.jpg 225w, http:\/\/compagniedarcdelouvres.fr\/wp-content\/uploads\/2026\/01\/CIBLE-ST-SEBASTIEN-26-GRAND-2-768x1024.jpg 768w, http:\/\/compagniedarcdelouvres.fr\/wp-content\/uploads\/2026\/01\/CIBLE-ST-SEBASTIEN-26-GRAND-2-1152x1536.jpg 1152w, http:\/\/compagniedarcdelouvres.fr\/wp-content\/uploads\/2026\/01\/CIBLE-ST-SEBASTIEN-26-GRAND-2-rotated.jpg 1174w\" sizes=\"auto, (max-width: 225px) 100vw, 225px\" \/><\/div><a class=\"wp-block-latest-posts__post-title\" href=\"http:\/\/compagniedarcdelouvres.fr\/index.php\/2026\/01\/24\/saint-sebastien-2026\/\">Saint S\u00e9bastien 2026<\/a><time datetime=\"2026-01-24T14:30:03+00:00\" class=\"wp-block-latest-posts__post-date\">janvier 24, 2026<\/time><div class=\"wp-block-latest-posts__post-excerpt\"><\/div><\/li>\n<li><div class=\"wp-block-latest-posts__featured-image\"><img loading=\"lazy\" decoding=\"async\" width=\"225\" height=\"300\" src=\"http:\/\/compagniedarcdelouvres.fr\/wp-content\/uploads\/2026\/01\/WhatsApp-Image-2026-01-17-at-16.29.52-1-225x300.jpeg\" class=\"attachment-medium size-medium wp-post-image\" alt=\"\" style=\"\" srcset=\"http:\/\/compagniedarcdelouvres.fr\/wp-content\/uploads\/2026\/01\/WhatsApp-Image-2026-01-17-at-16.29.52-1-225x300.jpeg 225w, http:\/\/compagniedarcdelouvres.fr\/wp-content\/uploads\/2026\/01\/WhatsApp-Image-2026-01-17-at-16.29.52-1-768x1024.jpeg 768w, http:\/\/compagniedarcdelouvres.fr\/wp-content\/uploads\/2026\/01\/WhatsApp-Image-2026-01-17-at-16.29.52-1-1152x1536.jpeg 1152w, http:\/\/compagniedarcdelouvres.fr\/wp-content\/uploads\/2026\/01\/WhatsApp-Image-2026-01-17-at-16.29.52-1.jpeg 1530w\" sizes=\"auto, (max-width: 225px) 100vw, 225px\" \/><\/div><a class=\"wp-block-latest-posts__post-title\" href=\"http:\/\/compagniedarcdelouvres.fr\/index.php\/2026\/01\/17\/benediction-du-jeu-darc-de-louvres\/\">B\u00e9n\u00e9diction du Jeu d&rsquo;Arc de Louvres<\/a><time datetime=\"2026-01-17T14:30:35+00:00\" class=\"wp-block-latest-posts__post-date\">janvier 17, 2026<\/time><div class=\"wp-block-latest-posts__post-excerpt\"><\/div><\/li>\n<li><div class=\"wp-block-latest-posts__featured-image\"><img loading=\"lazy\" decoding=\"async\" width=\"300\" height=\"139\" src=\"http:\/\/compagniedarcdelouvres.fr\/wp-content\/uploads\/2025\/12\/1765724794134-300x139.jpg\" class=\"attachment-medium size-medium wp-post-image\" alt=\"\" style=\"\" srcset=\"http:\/\/compagniedarcdelouvres.fr\/wp-content\/uploads\/2025\/12\/1765724794134-300x139.jpg 300w, http:\/\/compagniedarcdelouvres.fr\/wp-content\/uploads\/2025\/12\/1765724794134-1024x473.jpg 1024w, http:\/\/compagniedarcdelouvres.fr\/wp-content\/uploads\/2025\/12\/1765724794134-768x355.jpg 768w, http:\/\/compagniedarcdelouvres.fr\/wp-content\/uploads\/2025\/12\/1765724794134-1536x709.jpg 1536w, http:\/\/compagniedarcdelouvres.fr\/wp-content\/uploads\/2025\/12\/1765724794134-2048x946.jpg 2048w\" sizes=\"auto, (max-width: 300px) 100vw, 300px\" \/><\/div><a class=\"wp-block-latest-posts__post-title\" href=\"http:\/\/compagniedarcdelouvres.fr\/index.php\/2025\/12\/14\/telethon-2025-2\/\">TELETHON 2025<\/a><time datetime=\"2025-12-14T16:31:33+00:00\" class=\"wp-block-latest-posts__post-date\">d\u00e9cembre 14, 2025<\/time><div class=\"wp-block-latest-posts__post-excerpt\">La compagnie a particip\u00e9 au T\u00e9l\u00e9thon 2025 avec la ville de Louvres.<\/div><\/li>\n<li><div class=\"wp-block-latest-posts__featured-image\"><img loading=\"lazy\" decoding=\"async\" width=\"300\" height=\"225\" src=\"http:\/\/compagniedarcdelouvres.fr\/wp-content\/uploads\/2025\/12\/WhatsApp-Image-2025-11-22-at-14.10.44-300x225.jpeg\" class=\"attachment-medium size-medium wp-post-image\" alt=\"\" style=\"\" srcset=\"http:\/\/compagniedarcdelouvres.fr\/wp-content\/uploads\/2025\/12\/WhatsApp-Image-2025-11-22-at-14.10.44-300x225.jpeg 300w, http:\/\/compagniedarcdelouvres.fr\/wp-content\/uploads\/2025\/12\/WhatsApp-Image-2025-11-22-at-14.10.44-1024x768.jpeg 1024w, http:\/\/compagniedarcdelouvres.fr\/wp-content\/uploads\/2025\/12\/WhatsApp-Image-2025-11-22-at-14.10.44-768x576.jpeg 768w, http:\/\/compagniedarcdelouvres.fr\/wp-content\/uploads\/2025\/12\/WhatsApp-Image-2025-11-22-at-14.10.44-1536x1152.jpeg 1536w, http:\/\/compagniedarcdelouvres.fr\/wp-content\/uploads\/2025\/12\/WhatsApp-Image-2025-11-22-at-14.10.44.jpeg 2040w\" sizes=\"auto, (max-width: 300px) 100vw, 300px\" \/><\/div><a class=\"wp-block-latest-posts__post-title\" href=\"http:\/\/compagniedarcdelouvres.fr\/index.php\/2025\/11\/22\/representation-de-la-compagnie-a-saint-pathus\/\">Repr\u00e9sentation de la compagnie \u00e0 Saint Pathus !<\/a><time datetime=\"2025-11-22T14:10:39+00:00\" class=\"wp-block-latest-posts__post-date\">novembre 22, 2025<\/time><div class=\"wp-block-latest-posts__post-excerpt\"><\/div><\/li>\n<\/ul><\/div>\n","protected":false},"excerpt":{"rendered":"","protected":false},"author":1,"featured_media":0,"parent":0,"menu_order":2,"comment_status":"closed","ping_status":"closed","template":"","meta":{"footnotes":""},"class_list":["post-20","page","type-page","status-publish","hentry"],"_links":{"self":[{"href":"http:\/\/compagniedarcdelouvres.fr\/index.php\/wp-json\/wp\/v2\/pages\/20","targetHints":{"allow":["GET"]}}],"collection":[{"href":"http:\/\/compagniedarcdelouvres.fr\/index.php\/wp-json\/wp\/v2\/pages"}],"about":[{"href":"http:\/\/compagniedarcdelouvres.fr\/index.php\/wp-json\/wp\/v2\/types\/page"}],"author":[{"embeddable":true,"href":"http:\/\/compagniedarcdelouvres.fr\/index.php\/wp-json\/wp\/v2\/users\/1"}],"replies":[{"embeddable":true,"href":"http:\/\/compagniedarcdelouvres.fr\/index.php\/wp-json\/wp\/v2\/comments?post=20"}],"version-history":[{"count":6,"href":"http:\/\/compagniedarcdelouvres.fr\/index.php\/wp-json\/wp\/v2\/pages\/20\/revisions"}],"predecessor-version":[{"id":84,"href":"http:\/\/compagniedarcdelouvres.fr\/index.php\/wp-json\/wp\/v2\/pages\/20\/revisions\/84"}],"wp:attachment":[{"href":"http:\/\/compagniedarcdelouvres.fr\/index.php\/wp-json\/wp\/v2\/media?parent=20"}],"curies":[{"name":"wp","href":"https:\/\/api.w.org\/{rel}","templated":true}]}}