{"id":96,"date":"2025-11-02T15:16:25","date_gmt":"2025-11-02T15:16:25","guid":{"rendered":"http:\/\/compagniedarcdelouvres.fr\/?page_id=96"},"modified":"2025-12-03T10:26:26","modified_gmt":"2025-12-03T10:26:26","slug":"organisation","status":"publish","type":"page","link":"http:\/\/compagniedarcdelouvres.fr\/index.php\/organisation\/","title":{"rendered":"Organisation"},"content":{"rendered":"\n<p>Le bureau : <\/p>\n\n\n\n<p><\/p>\n\n\n\n<p><\/p>\n\n\n\n<ul class=\"wp-block-list\">\n<li>Capitaine Patrice Kusnierz<\/li>\n<\/ul>\n\n\n\n<ul class=\"wp-block-list\">\n<li>1er Lieutenant\u00a0 Eric Sompsbaradat<\/li>\n<\/ul>\n\n\n\n<ul class=\"wp-block-list\">\n<li>2\u00e8me Lieutenant Porte Drapeau V\u00e9ronique Dehut<\/li>\n<\/ul>\n\n\n\n<ul class=\"wp-block-list\">\n<li>Greffier Philippe Bladt<\/li>\n<\/ul>\n\n\n\n<ul class=\"wp-block-list\">\n<li>Tr\u00e9sorier Ludovic Oualle<\/li>\n<\/ul>\n\n\n\n<ul class=\"wp-block-list\">\n<li>Censeur Serge Dehut<\/li>\n<\/ul>\n\n\n\n<ul class=\"wp-block-list\">\n<li>Michel Tirand est depuis l\u2019assembl\u00e9e g\u00e9n\u00e9rale de 2022 notre pr\u00e9sident d\u2019honneur.<\/li>\n<\/ul>\n\n\n\n<p><\/p>\n\n\n\n<p><\/p>\n","protected":false},"excerpt":{"rendered":"<p>Le bureau :<\/p>\n","protected":false},"author":1,"featured_media":0,"parent":0,"menu_order":1,"comment_status":"closed","ping_status":"closed","template":"","meta":{"footnotes":""},"class_list":["post-96","page","type-page","status-publish","hentry"],"_links":{"self":[{"href":"http:\/\/compagniedarcdelouvres.fr\/index.php\/wp-json\/wp\/v2\/pages\/96","targetHints":{"allow":["GET"]}}],"collection":[{"href":"http:\/\/compagniedarcdelouvres.fr\/index.php\/wp-json\/wp\/v2\/pages"}],"about":[{"href":"http:\/\/compagniedarcdelouvres.fr\/index.php\/wp-json\/wp\/v2\/types\/page"}],"author":[{"embeddable":true,"href":"http:\/\/compagniedarcdelouvres.fr\/index.php\/wp-json\/wp\/v2\/users\/1"}],"replies":[{"embeddable":true,"href":"http:\/\/compagniedarcdelouvres.fr\/index.php\/wp-json\/wp\/v2\/comments?post=96"}],"version-history":[{"count":4,"href":"http:\/\/compagniedarcdelouvres.fr\/index.php\/wp-json\/wp\/v2\/pages\/96\/revisions"}],"predecessor-version":[{"id":124,"href":"http:\/\/compagniedarcdelouvres.fr\/index.php\/wp-json\/wp\/v2\/pages\/96\/revisions\/124"}],"wp:attachment":[{"href":"http:\/\/compagniedarcdelouvres.fr\/index.php\/wp-json\/wp\/v2\/media?parent=96"}],"curies":[{"name":"wp","href":"https:\/\/api.w.org\/{rel}","templated":true}]}}