{"id":125,"date":"2025-12-03T09:55:03","date_gmt":"2025-12-03T09:55:03","guid":{"rendered":"https:\/\/compagniedarcdelouvres.fr\/?page_id=125"},"modified":"2025-12-03T10:39:44","modified_gmt":"2025-12-03T10:39:44","slug":"historique","status":"publish","type":"page","link":"https:\/\/compagniedarcdelouvres.fr\/index.php\/historique\/","title":{"rendered":"A propos"},"content":{"rendered":"\n<figure class=\"wp-block-image size-full\"><img loading=\"lazy\" decoding=\"async\" width=\"512\" height=\"512\" src=\"http:\/\/compagniedarcdelouvres.fr\/wp-content\/uploads\/2025\/11\/cropped-LOGO-CIEARCLOUVRES.png\" alt=\"\" class=\"wp-image-101\" srcset=\"https:\/\/compagniedarcdelouvres.fr\/wp-content\/uploads\/2025\/11\/cropped-LOGO-CIEARCLOUVRES.png 512w, https:\/\/compagniedarcdelouvres.fr\/wp-content\/uploads\/2025\/11\/cropped-LOGO-CIEARCLOUVRES-300x300.png 300w, https:\/\/compagniedarcdelouvres.fr\/wp-content\/uploads\/2025\/11\/cropped-LOGO-CIEARCLOUVRES-150x150.png 150w, https:\/\/compagniedarcdelouvres.fr\/wp-content\/uploads\/2025\/11\/cropped-LOGO-CIEARCLOUVRES-270x270.png 270w, https:\/\/compagniedarcdelouvres.fr\/wp-content\/uploads\/2025\/11\/cropped-LOGO-CIEARCLOUVRES-192x192.png 192w, https:\/\/compagniedarcdelouvres.fr\/wp-content\/uploads\/2025\/11\/cropped-LOGO-CIEARCLOUVRES-180x180.png 180w, https:\/\/compagniedarcdelouvres.fr\/wp-content\/uploads\/2025\/11\/cropped-LOGO-CIEARCLOUVRES-32x32.png 32w\" sizes=\"auto, (max-width: 512px) 100vw, 512px\" \/><\/figure>\n\n\n\n<div class=\"wp-block-group alignwide has-global-padding is-layout-constrained wp-block-group-is-layout-constrained\">\n<h1 class=\"wp-block-heading\"><strong>Un peu d&rsquo;histoire de la Compagnie d\u2019Arc de Louvres<\/strong><\/h1>\n<\/div>\n\n\n\n<p>La Compagnie d\u2019Arc de Louvres est une association de tir \u00e0 l\u2019arc d\u00e9clar\u00e9e, implant\u00e9e dans la commune de Louvres (95380, Val-d\u2019Oise, \u00cele-de-France). <\/p>\n\n\n\n<h3 class=\"wp-block-heading\"><strong>Naissance officielle<\/strong><\/h3>\n\n\n\n<ul class=\"wp-block-list\">\n<li>L\u2019association a \u00e9t\u00e9 fond\u00e9e le <strong>31 juillet 1997<\/strong>, date de cr\u00e9ation administrative. <\/li>\n\n\n\n<li>Son existence a \u00e9t\u00e9 officialis\u00e9e par la publication au Journal Officiel le <strong>23 ao\u00fbt 1997<\/strong>.<\/li>\n\n\n\n<li>Le num\u00e9ro RNA (R\u00e9pertoire National des Associations) de la compagnie est <strong>W952005473<\/strong>. <\/li>\n<\/ul>\n\n\n\n<p>Depuis cette date, la Compagnie d\u2019Arc de Louvres \u0153uvre pour promouvoir le tir \u00e0 l\u2019arc sous toutes ses formes \u2014 traditionnelles ou sportives \u2014 et pour repr\u00e9senter la discipline sur le territoire de Louvres. <\/p>\n\n\n\n<h3 class=\"wp-block-heading\"><strong>Missions, disciplines et vie associative<\/strong><\/h3>\n\n\n\n<p>L\u2019objet d\u00e9clar\u00e9 de la compagnie est la \u00ab pratique du tir \u00e0 l\u2019arc sous toutes ses disciplines sportives et traditionnelles \u00bb. <\/p>\n\n\n\n<p>Ainsi, la compagnie s\u2019adresse \u00e0 un large public :<\/p>\n\n\n\n<ul class=\"wp-block-list\">\n<li>des d\u00e9butants comme des archers confirm\u00e9s,<\/li>\n\n\n\n<li>des pratiquants int\u00e9ress\u00e9s par l\u2019aspect sportif,<\/li>\n\n\n\n<li>des passionn\u00e9s de tir traditionnel, notamment inspir\u00e9 par l\u2019histoire et la tradition des \u00ab compagnies d\u2019arc \u00bb.<\/li>\n<\/ul>\n\n\n\n<p>En ce sens, la Compagnie d\u2019Arc de Louvres s\u2019inscrit dans la continuit\u00e9 des anciennes traditions d\u2019archerie, tout en s\u2019adaptant aux normes actuelles \u2014 ce qui t\u00e9moigne d\u2019un \u00e9quilibre entre h\u00e9ritage et modernit\u00e9.<\/p>\n\n\n\n<h3 class=\"wp-block-heading\"><strong>Engagement local et rayonnement<\/strong><\/h3>\n\n\n\n<p>La compagnie est bien int\u00e9gr\u00e9e au tissu associatif local. Elle figure parmi les associations sportives r\u00e9f\u00e9renc\u00e9es dans le guide pratique de la ville de Louvres. <\/p>\n\n\n\n<p>Elle organise \u2014 ou a organis\u00e9 \u2014 des \u00e9v\u00e9nements pour promouvoir le tir \u00e0 l\u2019arc et la tradition : par exemple, elle a r\u00e9cemment \u00e9t\u00e9 mentionn\u00e9e comme organisatrice d\u2019une \u00ab Rencontre r\u00e9serv\u00e9e aux Arcs Droits (arcs traditionnels) \u00bb, pour sa 20\u1d49 \u00e9dition, rassemblant plusieurs compagnies de la r\u00e9gion. <\/p>\n\n\n\n<p>Ces rencontres t\u00e9moignent d\u2019un r\u00f4le actif dans la pr\u00e9servation et la transmission des valeurs et de l\u2019histoire de l\u2019archerie traditionnelle, tout en favorisant le partage, la convivialit\u00e9, et l\u2019ouverture aux nouveaux membres.<\/p>\n\n\n\n<h3 class=\"wp-block-heading\"><strong>Valeurs et esprit de la compagnie<\/strong><\/h3>\n\n\n\n<p>La Compagnie d\u2019Arc de Louvres se veut fid\u00e8le aux valeurs qui fondent l\u2019archerie traditionnelle et associative :<\/p>\n\n\n\n<ul class=\"wp-block-list\">\n<li>la passion du tir \u00e0 l\u2019arc, sous toutes ses formes \u2014 loisir, tradition, sport ;<\/li>\n\n\n\n<li>le respect des traditions historiques du jeu d\u2019arc, tout en adoptant les pratiques contemporaines ;<\/li>\n\n\n\n<li>l\u2019esprit communautaire, l\u2019accueil des archers de tout \u00e2ge et de tout niveau ;<\/li>\n\n\n\n<li>l\u2019engagement local, dans le cadre de la vie associative de Louvres, pour faire d\u00e9couvrir le noble art de l\u2019arc.<\/li>\n<\/ul>\n\n\n\n<h3 class=\"wp-block-heading\"><strong>Aujourd\u2019hui : continuit\u00e9, ouverture, transmission<\/strong><\/h3>\n\n\n\n<p>Plus de vingt ans apr\u00e8s sa cr\u00e9ation administrative, la Compagnie d\u2019Arc de Louvres continue de remplir sa mission : proposer la pratique du tir \u00e0 l\u2019arc, favoriser la transmission de l\u2019archerie sous ses formes traditionnelles ou modernes, et maintenir un lien avec l\u2019histoire de ce noble jeu.<\/p>\n\n\n\n<p>L\u2019existence de la compagnie, sa reconnaissance officielle, son implication locale et r\u00e9gionale \u2014 ainsi que son ouverture aux archers d\u00e9butants comme confirm\u00e9s \u2014 en font aujourd\u2019hui un acteur p\u00e9renne du tir \u00e0 l\u2019arc dans le Val-d\u2019Oise et plus largement en \u00cele-de-France.<\/p>\n\n\n\n<p><\/p>\n","protected":false},"excerpt":{"rendered":"<p>Un peu d&rsquo;histoire de la Compagnie d\u2019Arc de Louvres La Compagnie d\u2019Arc de Louvres est une association de tir \u00e0 l\u2019arc d\u00e9clar\u00e9e, implant\u00e9e dans la commune de Louvres (95380, Val-d\u2019Oise, \u00cele-de-France). Naissance officielle Depuis cette date, la Compagnie d\u2019Arc de Louvres \u0153uvre pour promouvoir le tir \u00e0 l\u2019arc sous toutes ses formes \u2014 traditionnelles ou [&hellip;]<\/p>\n","protected":false},"author":2,"featured_media":0,"parent":0,"menu_order":4,"comment_status":"closed","ping_status":"closed","template":"","meta":{"footnotes":""},"class_list":["post-125","page","type-page","status-publish","hentry"],"_links":{"self":[{"href":"https:\/\/compagniedarcdelouvres.fr\/index.php\/wp-json\/wp\/v2\/pages\/125","targetHints":{"allow":["GET"]}}],"collection":[{"href":"https:\/\/compagniedarcdelouvres.fr\/index.php\/wp-json\/wp\/v2\/pages"}],"about":[{"href":"https:\/\/compagniedarcdelouvres.fr\/index.php\/wp-json\/wp\/v2\/types\/page"}],"author":[{"embeddable":true,"href":"https:\/\/compagniedarcdelouvres.fr\/index.php\/wp-json\/wp\/v2\/users\/2"}],"replies":[{"embeddable":true,"href":"https:\/\/compagniedarcdelouvres.fr\/index.php\/wp-json\/wp\/v2\/comments?post=125"}],"version-history":[{"count":6,"href":"https:\/\/compagniedarcdelouvres.fr\/index.php\/wp-json\/wp\/v2\/pages\/125\/revisions"}],"predecessor-version":[{"id":135,"href":"https:\/\/compagniedarcdelouvres.fr\/index.php\/wp-json\/wp\/v2\/pages\/125\/revisions\/135"}],"wp:attachment":[{"href":"https:\/\/compagniedarcdelouvres.fr\/index.php\/wp-json\/wp\/v2\/media?parent=125"}],"curies":[{"name":"wp","href":"https:\/\/api.w.org\/{rel}","templated":true}]}}